{"id":112,"date":"2021-06-24T18:47:50","date_gmt":"2021-06-24T18:47:50","guid":{"rendered":"http:\/\/soporteyserviciosteletec.com\/?page_id=112"},"modified":"2021-06-24T18:47:52","modified_gmt":"2021-06-24T18:47:52","slug":"vision-y-mision","status":"publish","type":"page","link":"https:\/\/soporteyserviciosteletec.com\/index.php\/vision-y-mision\/","title":{"rendered":"Visi\u00f3n y Misi\u00f3n"},"content":{"rendered":"\n<figure class=\"wp-block-pullquote\"><blockquote><p><strong><em>Visi\u00f3n<\/em><\/strong><\/p><p><strong>Ser la mejor empresa en la regi\u00f3n con el mejor servicio y credibilidad en el \u00e1rea de CCTV, tecnolog\u00eda y las telecomunicaciones. Lograr brindar el mejor servicio de atenci\u00f3n al cliente de calidad, ser una empresa integral brindando servicio de internet e ingresar a zonas de cobertura rural con servicio justo en el futuro.<\/strong><\/p><\/blockquote><\/figure>\n\n\n\n<figure class=\"wp-block-pullquote\"><blockquote><p><strong><em>Misi\u00f3n<\/em><\/strong><\/p><p><strong>Teletec es una empresa que ve por sus clientes y sus necesidades, brind\u00e1ndoles confianza, una excelente atenci\u00f3n y transparencia en nuestros trabajos y servicios.<\/strong><\/p><p><\/p><\/blockquote><\/figure>\n","protected":false},"excerpt":{"rendered":"<p>Visi\u00f3n Ser la mejor empresa en la regi\u00f3n con el mejor servicio y credibilidad en el \u00e1rea de CCTV, tecnolog\u00eda y las telecomunicaciones. Lograr brindar el mejor servicio de atenci\u00f3n<\/p>\n<p><a href=\"https:\/\/soporteyserviciosteletec.com\/index.php\/vision-y-mision\/\" class=\"more-link\">Continue Reading<span class=\"screen-reader-text\">Visi\u00f3n y Misi\u00f3n<\/span><\/a><\/p>\n","protected":false},"author":1,"featured_media":0,"parent":0,"menu_order":0,"comment_status":"closed","ping_status":"closed","template":"","meta":{"footnotes":""},"class_list":["post-112","page","type-page","status-publish","hentry"],"_links":{"self":[{"href":"https:\/\/soporteyserviciosteletec.com\/index.php\/wp-json\/wp\/v2\/pages\/112","targetHints":{"allow":["GET"]}}],"collection":[{"href":"https:\/\/soporteyserviciosteletec.com\/index.php\/wp-json\/wp\/v2\/pages"}],"about":[{"href":"https:\/\/soporteyserviciosteletec.com\/index.php\/wp-json\/wp\/v2\/types\/page"}],"author":[{"embeddable":true,"href":"https:\/\/soporteyserviciosteletec.com\/index.php\/wp-json\/wp\/v2\/users\/1"}],"replies":[{"embeddable":true,"href":"https:\/\/soporteyserviciosteletec.com\/index.php\/wp-json\/wp\/v2\/comments?post=112"}],"version-history":[{"count":1,"href":"https:\/\/soporteyserviciosteletec.com\/index.php\/wp-json\/wp\/v2\/pages\/112\/revisions"}],"predecessor-version":[{"id":113,"href":"https:\/\/soporteyserviciosteletec.com\/index.php\/wp-json\/wp\/v2\/pages\/112\/revisions\/113"}],"wp:attachment":[{"href":"https:\/\/soporteyserviciosteletec.com\/index.php\/wp-json\/wp\/v2\/media?parent=112"}],"curies":[{"name":"wp","href":"https:\/\/api.w.org\/{rel}","templated":true}]}}