{"id":669,"date":"2023-08-02T22:07:43","date_gmt":"2023-08-02T22:07:43","guid":{"rendered":"https:\/\/soporteyserviciosteletec.com\/?page_id=669"},"modified":"2023-08-02T22:24:06","modified_gmt":"2023-08-02T22:24:06","slug":"codigo-de-politicas-de-administracion-de-red","status":"publish","type":"page","link":"https:\/\/soporteyserviciosteletec.com\/index.php\/codigo-de-politicas-de-administracion-de-red\/","title":{"rendered":"C\u00f3digo de pol\u00edticas de administraci\u00f3n de red"},"content":{"rendered":"\n<<a href=\"https:\/\/soporteyserviciosteletec.com\/wp-content\/uploads\/2023\/08\/COD-POL-ADMON-RED-1.pdf\" class=\"pdfemb-viewer\" style=\"\" data-width=\"max\" data-height=\"max\"  data-toolbar=\"bottom\" data-toolbar-fixed=\"off\">COD-POL-ADMON-RED-1<br\/><\/a>\n\n\n\n\n<p><\/p>\n","protected":false},"excerpt":{"rendered":"","protected":false},"author":1,"featured_media":0,"parent":0,"menu_order":0,"comment_status":"closed","ping_status":"closed","template":"","meta":{"footnotes":""},"class_list":["post-669","page","type-page","status-publish","hentry"],"_links":{"self":[{"href":"https:\/\/soporteyserviciosteletec.com\/index.php\/wp-json\/wp\/v2\/pages\/669","targetHints":{"allow":["GET"]}}],"collection":[{"href":"https:\/\/soporteyserviciosteletec.com\/index.php\/wp-json\/wp\/v2\/pages"}],"about":[{"href":"https:\/\/soporteyserviciosteletec.com\/index.php\/wp-json\/wp\/v2\/types\/page"}],"author":[{"embeddable":true,"href":"https:\/\/soporteyserviciosteletec.com\/index.php\/wp-json\/wp\/v2\/users\/1"}],"replies":[{"embeddable":true,"href":"https:\/\/soporteyserviciosteletec.com\/index.php\/wp-json\/wp\/v2\/comments?post=669"}],"version-history":[{"count":2,"href":"https:\/\/soporteyserviciosteletec.com\/index.php\/wp-json\/wp\/v2\/pages\/669\/revisions"}],"predecessor-version":[{"id":682,"href":"https:\/\/soporteyserviciosteletec.com\/index.php\/wp-json\/wp\/v2\/pages\/669\/revisions\/682"}],"wp:attachment":[{"href":"https:\/\/soporteyserviciosteletec.com\/index.php\/wp-json\/wp\/v2\/media?parent=669"}],"curies":[{"name":"wp","href":"https:\/\/api.w.org\/{rel}","templated":true}]}}