{"id":354,"date":"2021-07-26T15:54:01","date_gmt":"2021-07-26T15:54:01","guid":{"rendered":"https:\/\/soporteyserviciosteletec.com\/?post_type=product&#038;p=354"},"modified":"2021-07-26T16:32:10","modified_gmt":"2021-07-26T16:32:10","slug":"nanobeam-m5","status":"publish","type":"product","link":"https:\/\/soporteyserviciosteletec.com\/index.php\/producto\/nanobeam-m5\/","title":{"rendered":"Nanobeam M5"},"content":{"rendered":"<h2>Protecci\u00f3n contra descargas mejorada<\/h2>\n<p class=\"text-muted\">El NanoBeam<sup>\u00ae<\/sup>\u00a0AC presenta una protecci\u00f3n mejorada contra eventos ESD.<\/p>\n<p><img loading=\"lazy\" decoding=\"async\" class=\"alignnone size-full wp-image-338\" src=\"https:\/\/soporteyserviciosteletec.com\/wp-content\/uploads\/2021\/07\/nanobeam-features-surge-2x.jpg\" alt=\"\" width=\"866\" height=\"780\" srcset=\"https:\/\/soporteyserviciosteletec.com\/wp-content\/uploads\/2021\/07\/nanobeam-features-surge-2x.jpg 866w, https:\/\/soporteyserviciosteletec.com\/wp-content\/uploads\/2021\/07\/nanobeam-features-surge-2x-600x540.jpg 600w, https:\/\/soporteyserviciosteletec.com\/wp-content\/uploads\/2021\/07\/nanobeam-features-surge-2x-300x270.jpg 300w, https:\/\/soporteyserviciosteletec.com\/wp-content\/uploads\/2021\/07\/nanobeam-features-surge-2x-768x692.jpg 768w\" sizes=\"auto, (max-width: 866px) 100vw, 866px\" \/><\/p>\n<h2>Radio Wi-Fi para administraci\u00f3n<\/h2>\n<p class=\"text-muted\">The NanoBeam<sup>\u00ae<\/sup>\u00a0AC integra un radio Wi-Fi separada para una configuraci\u00f3n r\u00e1pida y f\u00e1cil usando un dispositivo m\u00f3vil.<\/p>\n<p><img loading=\"lazy\" decoding=\"async\" class=\"alignnone size-full wp-image-327\" src=\"https:\/\/soporteyserviciosteletec.com\/wp-content\/uploads\/2021\/07\/litebeam-features-mobile2.webp\" alt=\"\" width=\"433\" height=\"390\" srcset=\"https:\/\/soporteyserviciosteletec.com\/wp-content\/uploads\/2021\/07\/litebeam-features-mobile2.webp 433w, https:\/\/soporteyserviciosteletec.com\/wp-content\/uploads\/2021\/07\/litebeam-features-mobile2-300x270.webp 300w\" sizes=\"auto, (max-width: 433px) 100vw, 433px\" \/><\/p>\n<h2>Antena de alto rendimiento<\/h2>\n<p class=\"text-muted\">AC presenta la ganancia m\u00e1s alta para su tama\u00f1o. Excelente directividad y proporciona mejor rendimiento en entornos de alto ruido.<\/p>\n<p><img loading=\"lazy\" decoding=\"async\" class=\"alignnone size-full wp-image-337\" src=\"https:\/\/soporteyserviciosteletec.com\/wp-content\/uploads\/2021\/07\/Captura.png\" alt=\"\" width=\"495\" height=\"361\" srcset=\"https:\/\/soporteyserviciosteletec.com\/wp-content\/uploads\/2021\/07\/Captura.png 495w, https:\/\/soporteyserviciosteletec.com\/wp-content\/uploads\/2021\/07\/Captura-300x219.png 300w\" sizes=\"auto, (max-width: 495px) 100vw, 495px\" \/><\/p>\n","protected":false},"excerpt":{"rendered":"<p><strong>Caracter\u00edsticas:<\/strong><br \/>\nAnchos de canal ajustable de 5 hasta 40 MHz.<br \/>\nDoble Polaridad Simult\u00e1nea (Vertical y Horizontal, 2&#215;2).<br \/>\nSeguridad: WPA2.<br \/>\nSe\u00f1alizaci\u00f3n propietaria: airMAX (TDMA).<br \/>\nF\u00e1cil de instalar.<br \/>\nAlineaci\u00f3n Visual y Audible (Software).<\/p>\n<p><strong>Incluye:<\/strong><br \/>\nAdaptador PoE\u00a0 24 V, 0.5 A.<br \/>\nMontaje en poste o m\u00e1stil. &hellip; <\/p>\n<p><a href=\"https:\/\/soporteyserviciosteletec.com\/index.php\/producto\/nanobeam-m5\/\" class=\"more-link\">Continue Reading<span class=\"screen-reader-text\">Nanobeam M5<\/span><\/a><\/p>\n","protected":false},"featured_media":290,"comment_status":"open","ping_status":"closed","template":"","meta":[],"product_cat":[44],"product_tag":[],"class_list":["post-354","product","type-product","status-publish","has-post-thumbnail","hentry","product_cat-antenas"],"_links":{"self":[{"href":"https:\/\/soporteyserviciosteletec.com\/index.php\/wp-json\/wp\/v2\/product\/354","targetHints":{"allow":["GET"]}}],"collection":[{"href":"https:\/\/soporteyserviciosteletec.com\/index.php\/wp-json\/wp\/v2\/product"}],"about":[{"href":"https:\/\/soporteyserviciosteletec.com\/index.php\/wp-json\/wp\/v2\/types\/product"}],"replies":[{"embeddable":true,"href":"https:\/\/soporteyserviciosteletec.com\/index.php\/wp-json\/wp\/v2\/comments?post=354"}],"wp:featuredmedia":[{"embeddable":true,"href":"https:\/\/soporteyserviciosteletec.com\/index.php\/wp-json\/wp\/v2\/media\/290"}],"wp:attachment":[{"href":"https:\/\/soporteyserviciosteletec.com\/index.php\/wp-json\/wp\/v2\/media?parent=354"}],"wp:term":[{"taxonomy":"product_cat","embeddable":true,"href":"https:\/\/soporteyserviciosteletec.com\/index.php\/wp-json\/wp\/v2\/product_cat?post=354"},{"taxonomy":"product_tag","embeddable":true,"href":"https:\/\/soporteyserviciosteletec.com\/index.php\/wp-json\/wp\/v2\/product_tag?post=354"}],"curies":[{"name":"wp","href":"https:\/\/api.w.org\/{rel}","templated":true}]}}