{"id":358,"date":"2021-07-26T16:08:56","date_gmt":"2021-07-26T16:08:56","guid":{"rendered":"https:\/\/soporteyserviciosteletec.com\/?post_type=product&#038;p=358"},"modified":"2023-08-08T19:58:59","modified_gmt":"2023-08-08T19:58:59","slug":"nanostation-m5","status":"publish","type":"product","link":"https:\/\/soporteyserviciosteletec.com\/index.php\/producto\/nanostation-m5\/","title":{"rendered":"Nanostation M5"},"content":{"rendered":"<h3>Vers\u00e1til.<\/h3>\n<p><a href=\"https:\/\/soporteyserviciosteletec.com\/wp-content\/uploads\/2021\/07\/Versatil.webp\"><img loading=\"lazy\" decoding=\"async\" class=\"alignnone size-full wp-image-363\" src=\"https:\/\/soporteyserviciosteletec.com\/wp-content\/uploads\/2021\/07\/Versatil.webp\" alt=\"\" width=\"291\" height=\"222\" \/><\/a><\/p>\n<h3>Conectividad Ethernet dual.<\/h3>\n<p><a href=\"https:\/\/soporteyserviciosteletec.com\/wp-content\/uploads\/2021\/07\/Dual.webp\"><img loading=\"lazy\" decoding=\"async\" class=\"alignnone size-full wp-image-364\" src=\"https:\/\/soporteyserviciosteletec.com\/wp-content\/uploads\/2021\/07\/Dual.webp\" alt=\"\" width=\"304\" height=\"223\" srcset=\"https:\/\/soporteyserviciosteletec.com\/wp-content\/uploads\/2021\/07\/Dual.webp 304w, https:\/\/soporteyserviciosteletec.com\/wp-content\/uploads\/2021\/07\/Dual-300x220.webp 300w\" sizes=\"auto, (max-width: 304px) 100vw, 304px\" \/><\/a><\/p>\n<h3>Poderosas caracter\u00edsticas de airOS.<\/h3>\n<p><a href=\"https:\/\/soporteyserviciosteletec.com\/wp-content\/uploads\/2021\/07\/airOS.webp\"><img loading=\"lazy\" decoding=\"async\" class=\"alignnone size-full wp-image-365\" src=\"https:\/\/soporteyserviciosteletec.com\/wp-content\/uploads\/2021\/07\/airOS.webp\" alt=\"\" width=\"345\" height=\"226\" srcset=\"https:\/\/soporteyserviciosteletec.com\/wp-content\/uploads\/2021\/07\/airOS.webp 345w, https:\/\/soporteyserviciosteletec.com\/wp-content\/uploads\/2021\/07\/airOS-300x197.webp 300w\" sizes=\"auto, (max-width: 345px) 100vw, 345px\" \/><\/a><\/p>\n<h3>Dise\u00f1o compacto y elegante.<\/h3>\n<p><a href=\"https:\/\/soporteyserviciosteletec.com\/wp-content\/uploads\/2021\/07\/Compacto.webp\"><img loading=\"lazy\" decoding=\"async\" class=\"alignnone size-full wp-image-366\" src=\"https:\/\/soporteyserviciosteletec.com\/wp-content\/uploads\/2021\/07\/Compacto.webp\" alt=\"\" width=\"936\" height=\"560\" srcset=\"https:\/\/soporteyserviciosteletec.com\/wp-content\/uploads\/2021\/07\/Compacto.webp 936w, https:\/\/soporteyserviciosteletec.com\/wp-content\/uploads\/2021\/07\/Compacto-600x359.webp 600w, https:\/\/soporteyserviciosteletec.com\/wp-content\/uploads\/2021\/07\/Compacto-300x179.webp 300w, https:\/\/soporteyserviciosteletec.com\/wp-content\/uploads\/2021\/07\/Compacto-768x459.webp 768w\" sizes=\"auto, (max-width: 936px) 100vw, 936px\" \/><\/a><\/p>\n<h3>Tecnolog\u00eda avanzada airMAX.<\/h3>\n<p><a href=\"https:\/\/soporteyserviciosteletec.com\/wp-content\/uploads\/2021\/07\/airMAX.webp\"><img loading=\"lazy\" decoding=\"async\" class=\"alignnone size-full wp-image-367\" src=\"https:\/\/soporteyserviciosteletec.com\/wp-content\/uploads\/2021\/07\/airMAX.webp\" alt=\"\" width=\"833\" height=\"601\" srcset=\"https:\/\/soporteyserviciosteletec.com\/wp-content\/uploads\/2021\/07\/airMAX.webp 833w, https:\/\/soporteyserviciosteletec.com\/wp-content\/uploads\/2021\/07\/airMAX-600x433.webp 600w, https:\/\/soporteyserviciosteletec.com\/wp-content\/uploads\/2021\/07\/airMAX-300x216.webp 300w, https:\/\/soporteyserviciosteletec.com\/wp-content\/uploads\/2021\/07\/airMAX-768x554.webp 768w\" sizes=\"auto, (max-width: 833px) 100vw, 833px\" \/><\/a><\/p>\n<h3>Instalaci\u00f3n Plug and Play.<\/h3>\n<p><img loading=\"lazy\" decoding=\"async\" class=\"alignnone size-full wp-image-368\" src=\"https:\/\/soporteyserviciosteletec.com\/wp-content\/uploads\/2021\/07\/NanoSatation.gif\" alt=\"\" width=\"1280\" height=\"720\" \/><\/p>\n","protected":false},"excerpt":{"rendered":"<p><strong>Caracter\u00edsticas:<\/strong><\/p>\n<p>Anchos de canal ajustable de 5 hasta 40 MHz.<br \/>\nDoble Polaridad Simult\u00e1nea (Vertical y Horizontal, 2&#215;2).<br \/>\nSeguridad: WEP, WPA, WPA2 y MAC ACL.<br \/>\nSe\u00f1alizaci\u00f3n propietaria: airMAX (TDMA).<br \/>\nF\u00e1cil de instalar.<br \/>\nDise\u00f1o vers\u00e1til y compacto.<\/p>\n<p><strong>Incluye:<\/strong><br \/>\nNanoStation M5.<br \/>\nAdaptador PoE\u00a0 24 Vcc, 0.5 A.<br \/>\nCable de alimentaci\u00f3n.<br \/>\nGu\u00eda r\u00e1pida de instalaci\u00f3n. &hellip; <\/p>\n<p><a href=\"https:\/\/soporteyserviciosteletec.com\/index.php\/producto\/nanostation-m5\/\" class=\"more-link\">Continue Reading<span class=\"screen-reader-text\">Nanostation M5<\/span><\/a><\/p>\n","protected":false},"featured_media":292,"comment_status":"open","ping_status":"closed","template":"","meta":[],"product_cat":[44],"product_tag":[],"class_list":["post-358","product","type-product","status-publish","has-post-thumbnail","hentry","product_cat-antenas"],"_links":{"self":[{"href":"https:\/\/soporteyserviciosteletec.com\/index.php\/wp-json\/wp\/v2\/product\/358","targetHints":{"allow":["GET"]}}],"collection":[{"href":"https:\/\/soporteyserviciosteletec.com\/index.php\/wp-json\/wp\/v2\/product"}],"about":[{"href":"https:\/\/soporteyserviciosteletec.com\/index.php\/wp-json\/wp\/v2\/types\/product"}],"replies":[{"embeddable":true,"href":"https:\/\/soporteyserviciosteletec.com\/index.php\/wp-json\/wp\/v2\/comments?post=358"}],"wp:featuredmedia":[{"embeddable":true,"href":"https:\/\/soporteyserviciosteletec.com\/index.php\/wp-json\/wp\/v2\/media\/292"}],"wp:attachment":[{"href":"https:\/\/soporteyserviciosteletec.com\/index.php\/wp-json\/wp\/v2\/media?parent=358"}],"wp:term":[{"taxonomy":"product_cat","embeddable":true,"href":"https:\/\/soporteyserviciosteletec.com\/index.php\/wp-json\/wp\/v2\/product_cat?post=358"},{"taxonomy":"product_tag","embeddable":true,"href":"https:\/\/soporteyserviciosteletec.com\/index.php\/wp-json\/wp\/v2\/product_tag?post=358"}],"curies":[{"name":"wp","href":"https:\/\/api.w.org\/{rel}","templated":true}]}}